{"id":2450,"date":"2025-05-18T12:27:02","date_gmt":"2025-05-18T10:27:02","guid":{"rendered":"https:\/\/toulontoutcourt.fr\/?page_id=2450"},"modified":"2025-05-18T16:17:28","modified_gmt":"2025-05-18T14:17:28","slug":"mentions-legales","status":"publish","type":"page","link":"https:\/\/toulontoutcourt.fr\/index.php\/mentions-legales\/","title":{"rendered":"Mentions l\u00e9gales"},"content":{"rendered":"\t\t<div data-elementor-type=\"wp-page\" data-elementor-id=\"2450\" class=\"elementor elementor-2450\">\n\t\t\t\t\t\t<section class=\"elementor-section elementor-top-section elementor-element elementor-element-a0ef83a elementor-section-boxed elementor-section-height-default elementor-section-height-default\" data-id=\"a0ef83a\" data-element_type=\"section\" data-e-type=\"section\">\n\t\t\t\t\t\t<div class=\"elementor-container elementor-column-gap-default\">\n\t\t\t\t\t<div class=\"elementor-column elementor-col-100 elementor-top-column elementor-element elementor-element-1abf524\" data-id=\"1abf524\" data-element_type=\"column\" data-e-type=\"column\">\n\t\t\t<div class=\"elementor-widget-wrap elementor-element-populated\">\n\t\t\t\t\t\t<div class=\"elementor-element elementor-element-28c8052 elementor-widget elementor-widget-spacer\" data-id=\"28c8052\" data-element_type=\"widget\" data-e-type=\"widget\" data-widget_type=\"spacer.default\">\n\t\t\t\t<div class=\"elementor-widget-container\">\n\t\t\t\t\t\t\t<div class=\"elementor-spacer\">\n\t\t\t<div class=\"elementor-spacer-inner\"><\/div>\n\t\t<\/div>\n\t\t\t\t\t\t<\/div>\n\t\t\t\t<\/div>\n\t\t\t\t\t<\/div>\n\t\t<\/div>\n\t\t\t\t\t<\/div>\n\t\t<\/section>\n\t\t\t\t<section class=\"elementor-section elementor-top-section elementor-element elementor-element-8d4aed7 elementor-section-full_width elementor-section-height-default elementor-section-height-default\" data-id=\"8d4aed7\" data-element_type=\"section\" data-e-type=\"section\" data-settings=\"{&quot;background_background&quot;:&quot;classic&quot;}\">\n\t\t\t\t\t\t<div class=\"elementor-container elementor-column-gap-default\">\n\t\t\t\t\t<div class=\"elementor-column elementor-col-100 elementor-top-column elementor-element elementor-element-22cba76\" data-id=\"22cba76\" data-element_type=\"column\" data-e-type=\"column\">\n\t\t\t<div class=\"elementor-widget-wrap elementor-element-populated\">\n\t\t\t\t\t\t<div class=\"elementor-element elementor-element-e355ae9 elementor-widget elementor-widget-heading\" data-id=\"e355ae9\" data-element_type=\"widget\" data-e-type=\"widget\" data-widget_type=\"heading.default\">\n\t\t\t\t<div class=\"elementor-widget-container\">\n\t\t\t\t\t<h2 class=\"elementor-heading-title elementor-size-default\">Mentions l\u00e9gales<\/h2>\t\t\t\t<\/div>\n\t\t\t\t<\/div>\n\t\t\t\t\t<\/div>\n\t\t<\/div>\n\t\t\t\t\t<\/div>\n\t\t<\/section>\n\t\t\t\t<section class=\"elementor-section elementor-top-section elementor-element elementor-element-154ed96 elementor-section-boxed elementor-section-height-default elementor-section-height-default\" data-id=\"154ed96\" data-element_type=\"section\" data-e-type=\"section\" data-settings=\"{&quot;background_background&quot;:&quot;classic&quot;}\">\n\t\t\t\t\t\t<div class=\"elementor-container elementor-column-gap-default\">\n\t\t\t\t\t<div class=\"elementor-column elementor-col-100 elementor-top-column elementor-element elementor-element-7c98b05\" data-id=\"7c98b05\" data-element_type=\"column\" data-e-type=\"column\">\n\t\t\t<div class=\"elementor-widget-wrap elementor-element-populated\">\n\t\t\t\t\t\t<div class=\"elementor-element elementor-element-12401cf elementor-widget elementor-widget-text-editor\" data-id=\"12401cf\" data-element_type=\"widget\" data-e-type=\"widget\" data-widget_type=\"text-editor.default\">\n\t\t\t\t<div class=\"elementor-widget-container\">\n\t\t\t\t\t\t\t\t\t<h2 style=\"font-family: 'Haetten', sans-serif; color: #28519e; font-weight: 400;\">1. \u00c9diteur du site<\/h2>\n<p style=\"font-family: 'Lexend', sans-serif; color: #000000;\">Ce site est \u00e9dit\u00e9 par :<br \/>\nAssociation Toulon Tout Court \u2013 Association loi 1901<br \/>\nSIRET : 83455339800019<br \/>\nRNA : W832015192<br \/>\nSi\u00e8ge social : Universit\u00e9 de Toulon, Avenue de l\u2019Universit\u00e9, 83130 La Garde \u2013 France<br \/>\nRepr\u00e9sentante l\u00e9gale : Salom\u00e9 Caignard<br \/>\nEmail : contact@toulontoutcourt.fr<\/p>\n\n<h2 style=\"font-family: 'Haetten', sans-serif; color: #28519e; font-weight: 400;\">2. H\u00e9bergeur du site<\/h2>\n<p style=\"font-family: 'Lexend', sans-serif; color: #000000;\">Le site est h\u00e9berg\u00e9 par :<br \/>\nOVH SAS<br \/>\n2 rue Kellermann, 59100 Roubaix \u2013 France<br \/>\nT\u00e9l\u00e9phone : 1007<br \/>\nSite : <a href=\"https:\/\/www.ovhcloud.com\" target=\"_blank\" rel=\"noopener\" style=\"color: black;\">www.ovhcloud.com<\/a><\/p>\n\n<h2 style=\"font-family: 'Haetten', sans-serif; color: #28519e; font-weight: 400;\">3. Propri\u00e9t\u00e9 intellectuelle<\/h2>\n<p style=\"font-family: 'Lexend', sans-serif; color: #000000;\">L\u2019ensemble du contenu du site (textes, images, graphismes, logo, documents, etc.) est la propri\u00e9t\u00e9 exclusive de l\u2019association Toulon Tout Court, sauf mention contraire.<br \/>\nToute reproduction ou repr\u00e9sentation, totale ou partielle, sans autorisation \u00e9crite pr\u00e9alable est interdite.<\/p>\n\n<h2 style=\"font-family: 'Haetten', sans-serif; color: #28519e; font-weight: 400;\">4. Responsabilit\u00e9<\/h2>\n<p style=\"font-family: 'Lexend', sans-serif; color: #000000;\">L\u2019association Toulon Tout Court s\u2019efforce d\u2019assurer l\u2019exactitude des informations diffus\u00e9es sur le site mais ne peut garantir l\u2019absence d\u2019erreurs ou d\u2019omissions. L\u2019utilisateur reste seul responsable de l\u2019usage qu\u2019il fait du contenu du site.<\/p>\n\n<h2 style=\"font-family: 'Haetten', sans-serif; color: #28519e; font-weight: 400;\">5. Donn\u00e9es personnelles<\/h2>\n<p style=\"font-family: 'Lexend', sans-serif; color: #000000;\">Des donn\u00e9es personnelles peuvent \u00eatre collect\u00e9es via le formulaire de contact ou les outils de mesure d\u2019audience.<br \/>\nPour plus d\u2019informations, consultez notre <a href=\"\/politique-de-confidentialite\" style=\"color: black;\">politique de confidentialit\u00e9<\/a>.<\/p>\n\n<h2 style=\"font-family: 'Haetten', sans-serif; color: #28519e; font-weight: 400;\">6. Cookies<\/h2>\n<p style=\"font-family: 'Lexend', sans-serif; color: #000000;\">Le site peut utiliser des cookies \u00e0 des fins de bon fonctionnement et de statistiques anonymes.<br \/>\nL\u2019utilisateur peut refuser ou g\u00e9rer l\u2019utilisation des cookies via le bandeau pr\u00e9vu \u00e0 cet effet lors de la premi\u00e8re visite.<\/p>\n\n<h2 style=\"font-family: 'Haetten', sans-serif; color: #28519e; font-weight: 400;\">7. Contact<\/h2>\n<p style=\"font-family: 'Lexend', sans-serif; color: #000000;\">Pour toute question relative aux mentions l\u00e9gales ou \u00e0 vos donn\u00e9es personnelles, vous pouvez nous contacter \u00e0 l\u2019adresse suivante :<br \/>\nEmail : <a href=\"mailto:contact@toulontoutcourt.fr\" style=\"color: black;\">contact@toulontoutcourt.fr<\/a><br \/>\nAdresse postale : Universit\u00e9 de Toulon, 83130 La Garde<\/p>\n\t\t\t\t\t\t\t\t<\/div>\n\t\t\t\t<\/div>\n\t\t\t\t\t<\/div>\n\t\t<\/div>\n\t\t\t\t\t<\/div>\n\t\t<\/section>\n\t\t\t\t<\/div>\n\t\t","protected":false},"excerpt":{"rendered":"<p>Mentions l\u00e9gales 1. \u00c9diteur du site Ce site est \u00e9dit\u00e9 par : Association Toulon Tout Court \u2013 Association loi 1901 SIRET : 83455339800019 RNA : W832015192 Si\u00e8ge social : Universit\u00e9 de Toulon, Avenue de l\u2019Universit\u00e9, 83130 La Garde \u2013 France Repr\u00e9sentante l\u00e9gale : Salom\u00e9 Caignard Email : contact@toulontoutcourt.fr 2. H\u00e9bergeur du site Le site est [&hellip;]<\/p>\n","protected":false},"author":56,"featured_media":0,"parent":0,"menu_order":0,"comment_status":"closed","ping_status":"closed","template":"","meta":{"_vp_format_video_url":"","_vp_image_focal_point":[],"footnotes":""},"class_list":["post-2450","page","type-page","status-publish","hentry"],"yoast_head":"<!-- This site is optimized with the Yoast SEO plugin v25.3 - https:\/\/yoast.com\/wordpress\/plugins\/seo\/ -->\n<title>Mentions l\u00e9gales - Toulon Tout Court<\/title>\n<meta name=\"description\" content=\"D\u00e9couvrez les mentions l\u00e9gales du site Toulon Tout Court : \u00e9diteur, h\u00e9bergeur, propri\u00e9t\u00e9 intellectuelle et conditions d\u2019utilisation...\" \/>\n<meta name=\"robots\" content=\"index, follow, max-snippet:-1, max-image-preview:large, max-video-preview:-1\" \/>\n<link rel=\"canonical\" href=\"https:\/\/toulontoutcourt.fr\/index.php\/mentions-legales\/\" \/>\n<meta property=\"og:locale\" content=\"fr_FR\" \/>\n<meta property=\"og:type\" content=\"article\" \/>\n<meta property=\"og:title\" content=\"Mentions l\u00e9gales - Toulon Tout Court\" \/>\n<meta property=\"og:description\" content=\"D\u00e9couvrez les mentions l\u00e9gales du site Toulon Tout Court : \u00e9diteur, h\u00e9bergeur, propri\u00e9t\u00e9 intellectuelle et conditions d\u2019utilisation...\" \/>\n<meta property=\"og:url\" content=\"https:\/\/toulontoutcourt.fr\/index.php\/mentions-legales\/\" \/>\n<meta property=\"og:site_name\" content=\"Toulon Tout Court\" \/>\n<meta property=\"article:publisher\" content=\"https:\/\/www.facebook.com\/ToulonToutCourt\/?locale=fr_FR\" \/>\n<meta property=\"article:modified_time\" content=\"2025-05-18T14:17:28+00:00\" \/>\n<meta name=\"twitter:card\" content=\"summary_large_image\" \/>\n<meta name=\"twitter:label1\" content=\"Dur\u00e9e de lecture estim\u00e9e\" \/>\n\t<meta name=\"twitter:data1\" content=\"2 minutes\" \/>\n<script type=\"application\/ld+json\" class=\"yoast-schema-graph\">{\"@context\":\"https:\/\/schema.org\",\"@graph\":[{\"@type\":\"WebPage\",\"@id\":\"https:\/\/toulontoutcourt.fr\/index.php\/mentions-legales\/\",\"url\":\"https:\/\/toulontoutcourt.fr\/index.php\/mentions-legales\/\",\"name\":\"Mentions l\u00e9gales - Toulon Tout Court\",\"isPartOf\":{\"@id\":\"https:\/\/toulontoutcourt.fr\/#website\"},\"datePublished\":\"2025-05-18T10:27:02+00:00\",\"dateModified\":\"2025-05-18T14:17:28+00:00\",\"description\":\"D\u00e9couvrez les mentions l\u00e9gales du site Toulon Tout Court : \u00e9diteur, h\u00e9bergeur, propri\u00e9t\u00e9 intellectuelle et conditions d\u2019utilisation...\",\"breadcrumb\":{\"@id\":\"https:\/\/toulontoutcourt.fr\/index.php\/mentions-legales\/#breadcrumb\"},\"inLanguage\":\"fr-FR\",\"potentialAction\":[{\"@type\":\"ReadAction\",\"target\":[\"https:\/\/toulontoutcourt.fr\/index.php\/mentions-legales\/\"]}]},{\"@type\":\"BreadcrumbList\",\"@id\":\"https:\/\/toulontoutcourt.fr\/index.php\/mentions-legales\/#breadcrumb\",\"itemListElement\":[{\"@type\":\"ListItem\",\"position\":1,\"name\":\"Accueil\",\"item\":\"https:\/\/toulontoutcourt.fr\/\"},{\"@type\":\"ListItem\",\"position\":2,\"name\":\"Mentions l\u00e9gales\"}]},{\"@type\":\"WebSite\",\"@id\":\"https:\/\/toulontoutcourt.fr\/#website\",\"url\":\"https:\/\/toulontoutcourt.fr\/\",\"name\":\"Toulon Tout Court\",\"description\":\"\",\"publisher\":{\"@id\":\"https:\/\/toulontoutcourt.fr\/#organization\"},\"potentialAction\":[{\"@type\":\"SearchAction\",\"target\":{\"@type\":\"EntryPoint\",\"urlTemplate\":\"https:\/\/toulontoutcourt.fr\/?s={search_term_string}\"},\"query-input\":{\"@type\":\"PropertyValueSpecification\",\"valueRequired\":true,\"valueName\":\"search_term_string\"}}],\"inLanguage\":\"fr-FR\"},{\"@type\":\"Organization\",\"@id\":\"https:\/\/toulontoutcourt.fr\/#organization\",\"name\":\"Toulon Tout Court\",\"url\":\"https:\/\/toulontoutcourt.fr\/\",\"logo\":{\"@type\":\"ImageObject\",\"inLanguage\":\"fr-FR\",\"@id\":\"https:\/\/toulontoutcourt.fr\/#\/schema\/logo\/image\/\",\"url\":\"https:\/\/toulontoutcourt.fr\/wp-content\/uploads\/2025\/03\/cropped-cropped-Logo_ToulonToutCourt.png\",\"contentUrl\":\"https:\/\/toulontoutcourt.fr\/wp-content\/uploads\/2025\/03\/cropped-cropped-Logo_ToulonToutCourt.png\",\"width\":512,\"height\":512,\"caption\":\"Toulon Tout Court\"},\"image\":{\"@id\":\"https:\/\/toulontoutcourt.fr\/#\/schema\/logo\/image\/\"},\"sameAs\":[\"https:\/\/www.facebook.com\/ToulonToutCourt\/?locale=fr_FR\",\"https:\/\/www.instagram.com\/tln_toutcourt\/\",\"https:\/\/www.linkedin.com\/company\/toulon-tout-court\/posts\/?feedView=all\"]}]}<\/script>\n<!-- \/ Yoast SEO plugin. -->","yoast_head_json":{"title":"Mentions l\u00e9gales - Toulon Tout Court","description":"D\u00e9couvrez les mentions l\u00e9gales du site Toulon Tout Court : \u00e9diteur, h\u00e9bergeur, propri\u00e9t\u00e9 intellectuelle et conditions d\u2019utilisation...","robots":{"index":"index","follow":"follow","max-snippet":"max-snippet:-1","max-image-preview":"max-image-preview:large","max-video-preview":"max-video-preview:-1"},"canonical":"https:\/\/toulontoutcourt.fr\/index.php\/mentions-legales\/","og_locale":"fr_FR","og_type":"article","og_title":"Mentions l\u00e9gales - Toulon Tout Court","og_description":"D\u00e9couvrez les mentions l\u00e9gales du site Toulon Tout Court : \u00e9diteur, h\u00e9bergeur, propri\u00e9t\u00e9 intellectuelle et conditions d\u2019utilisation...","og_url":"https:\/\/toulontoutcourt.fr\/index.php\/mentions-legales\/","og_site_name":"Toulon Tout Court","article_publisher":"https:\/\/www.facebook.com\/ToulonToutCourt\/?locale=fr_FR","article_modified_time":"2025-05-18T14:17:28+00:00","twitter_card":"summary_large_image","twitter_misc":{"Dur\u00e9e de lecture estim\u00e9e":"2 minutes"},"schema":{"@context":"https:\/\/schema.org","@graph":[{"@type":"WebPage","@id":"https:\/\/toulontoutcourt.fr\/index.php\/mentions-legales\/","url":"https:\/\/toulontoutcourt.fr\/index.php\/mentions-legales\/","name":"Mentions l\u00e9gales - Toulon Tout Court","isPartOf":{"@id":"https:\/\/toulontoutcourt.fr\/#website"},"datePublished":"2025-05-18T10:27:02+00:00","dateModified":"2025-05-18T14:17:28+00:00","description":"D\u00e9couvrez les mentions l\u00e9gales du site Toulon Tout Court : \u00e9diteur, h\u00e9bergeur, propri\u00e9t\u00e9 intellectuelle et conditions d\u2019utilisation...","breadcrumb":{"@id":"https:\/\/toulontoutcourt.fr\/index.php\/mentions-legales\/#breadcrumb"},"inLanguage":"fr-FR","potentialAction":[{"@type":"ReadAction","target":["https:\/\/toulontoutcourt.fr\/index.php\/mentions-legales\/"]}]},{"@type":"BreadcrumbList","@id":"https:\/\/toulontoutcourt.fr\/index.php\/mentions-legales\/#breadcrumb","itemListElement":[{"@type":"ListItem","position":1,"name":"Accueil","item":"https:\/\/toulontoutcourt.fr\/"},{"@type":"ListItem","position":2,"name":"Mentions l\u00e9gales"}]},{"@type":"WebSite","@id":"https:\/\/toulontoutcourt.fr\/#website","url":"https:\/\/toulontoutcourt.fr\/","name":"Toulon Tout Court","description":"","publisher":{"@id":"https:\/\/toulontoutcourt.fr\/#organization"},"potentialAction":[{"@type":"SearchAction","target":{"@type":"EntryPoint","urlTemplate":"https:\/\/toulontoutcourt.fr\/?s={search_term_string}"},"query-input":{"@type":"PropertyValueSpecification","valueRequired":true,"valueName":"search_term_string"}}],"inLanguage":"fr-FR"},{"@type":"Organization","@id":"https:\/\/toulontoutcourt.fr\/#organization","name":"Toulon Tout Court","url":"https:\/\/toulontoutcourt.fr\/","logo":{"@type":"ImageObject","inLanguage":"fr-FR","@id":"https:\/\/toulontoutcourt.fr\/#\/schema\/logo\/image\/","url":"https:\/\/toulontoutcourt.fr\/wp-content\/uploads\/2025\/03\/cropped-cropped-Logo_ToulonToutCourt.png","contentUrl":"https:\/\/toulontoutcourt.fr\/wp-content\/uploads\/2025\/03\/cropped-cropped-Logo_ToulonToutCourt.png","width":512,"height":512,"caption":"Toulon Tout Court"},"image":{"@id":"https:\/\/toulontoutcourt.fr\/#\/schema\/logo\/image\/"},"sameAs":["https:\/\/www.facebook.com\/ToulonToutCourt\/?locale=fr_FR","https:\/\/www.instagram.com\/tln_toutcourt\/","https:\/\/www.linkedin.com\/company\/toulon-tout-court\/posts\/?feedView=all"]}]}},"_links":{"self":[{"href":"https:\/\/toulontoutcourt.fr\/index.php\/wp-json\/wp\/v2\/pages\/2450","targetHints":{"allow":["GET"]}}],"collection":[{"href":"https:\/\/toulontoutcourt.fr\/index.php\/wp-json\/wp\/v2\/pages"}],"about":[{"href":"https:\/\/toulontoutcourt.fr\/index.php\/wp-json\/wp\/v2\/types\/page"}],"author":[{"embeddable":true,"href":"https:\/\/toulontoutcourt.fr\/index.php\/wp-json\/wp\/v2\/users\/56"}],"replies":[{"embeddable":true,"href":"https:\/\/toulontoutcourt.fr\/index.php\/wp-json\/wp\/v2\/comments?post=2450"}],"version-history":[{"count":8,"href":"https:\/\/toulontoutcourt.fr\/index.php\/wp-json\/wp\/v2\/pages\/2450\/revisions"}],"predecessor-version":[{"id":2572,"href":"https:\/\/toulontoutcourt.fr\/index.php\/wp-json\/wp\/v2\/pages\/2450\/revisions\/2572"}],"wp:attachment":[{"href":"https:\/\/toulontoutcourt.fr\/index.php\/wp-json\/wp\/v2\/media?parent=2450"}],"curies":[{"name":"wp","href":"https:\/\/api.w.org\/{rel}","templated":true}]}}